{"id":9,"date":"2026-02-27T09:15:19","date_gmt":"2026-02-27T09:15:19","guid":{"rendered":"https:\/\/kebabstar.rkinformatika.online\/?page_id=9"},"modified":"2026-03-06T16:11:20","modified_gmt":"2026-03-06T16:11:20","slug":"inicio","status":"publish","type":"page","link":"https:\/\/kebabstar.es\/eu\/","title":{"rendered":"Hasiera"},"content":{"rendered":"\t\t<div data-elementor-type=\"wp-page\" data-elementor-id=\"9\" class=\"elementor elementor-9\" data-elementor-post-type=\"page\">\n\t\t\t\t<div class=\"elementor-element elementor-element-853a30a e-flex e-con-boxed elementor-invisible e-con e-parent\" data-id=\"853a30a\" data-element_type=\"container\" data-e-type=\"container\" data-settings=\"{&quot;background_background&quot;:&quot;slideshow&quot;,&quot;background_slideshow_gallery&quot;:[{&quot;id&quot;:96,&quot;url&quot;:&quot;https:\\\/\\\/kebabstar.es\\\/wp-content\\\/uploads\\\/2026\\\/02\\\/16877.jpg&quot;},{&quot;id&quot;:116,&quot;url&quot;:&quot;https:\\\/\\\/kebabstar.es\\\/wp-content\\\/uploads\\\/2026\\\/02\\\/175.jpg&quot;}],&quot;background_slideshow_slide_transition&quot;:&quot;slide_left&quot;,&quot;animation&quot;:&quot;fadeIn&quot;,&quot;background_slideshow_loop&quot;:&quot;yes&quot;,&quot;background_slideshow_slide_duration&quot;:5000,&quot;background_slideshow_transition_duration&quot;:500}\">\n\t\t\t\t\t<div class=\"e-con-inner\">\n\t\t\t\t\t<\/div>\n\t\t\t\t<\/div>\n\t\t<div class=\"elementor-element elementor-element-699a919 animated-slow e-flex e-con-boxed elementor-invisible e-con e-parent\" data-id=\"699a919\" data-element_type=\"container\" data-e-type=\"container\" data-settings=\"{&quot;background_background&quot;:&quot;classic&quot;,&quot;animation&quot;:&quot;fadeInDown&quot;}\">\n\t\t\t\t\t<div class=\"e-con-inner\">\n\t\t\t\t<div class=\"elementor-element elementor-element-276051b elementor-widget elementor-widget-heading\" data-id=\"276051b\" data-element_type=\"widget\" data-e-type=\"widget\" data-widget_type=\"heading.default\">\n\t\t\t\t\t<h2 class=\"elementor-heading-title elementor-size-default\">Todo para disfrutar<\/h2>\t\t\t\t<\/div>\n\t\t\t\t\t<\/div>\n\t\t\t\t<\/div>\n\t\t<div class=\"elementor-element elementor-element-b8ae161 e-flex e-con-boxed e-con e-parent\" data-id=\"b8ae161\" data-element_type=\"container\" data-e-type=\"container\">\n\t\t\t\t\t<div class=\"e-con-inner\">\n\t\t<div class=\"elementor-element elementor-element-30cd2ea e-con-full animated-slow e-flex elementor-invisible e-con e-child\" data-id=\"30cd2ea\" data-element_type=\"container\" data-e-type=\"container\" data-settings=\"{&quot;animation&quot;:&quot;fadeInLeft&quot;}\">\n\t\t\t\t<div class=\"elementor-element elementor-element-6ee4b90 elementor-widget elementor-widget-image\" data-id=\"6ee4b90\" data-element_type=\"widget\" data-e-type=\"widget\" data-widget_type=\"image.default\">\n\t\t\t\t\t\t\t\t\t\t\t\t\t\t\t<img fetchpriority=\"high\" decoding=\"async\" width=\"600\" height=\"700\" src=\"https:\/\/kebabstar.es\/wp-content\/uploads\/2026\/02\/Diseno-sin-titulo-2.png\" class=\"attachment-large size-large wp-image-109\" alt=\"\" srcset=\"https:\/\/kebabstar.es\/wp-content\/uploads\/2026\/02\/Diseno-sin-titulo-2.png 600w, https:\/\/kebabstar.es\/wp-content\/uploads\/2026\/02\/Diseno-sin-titulo-2-257x300.png 257w, https:\/\/kebabstar.es\/wp-content\/uploads\/2026\/02\/Diseno-sin-titulo-2-10x12.png 10w\" sizes=\"(max-width: 600px) 100vw, 600px\" \/>\t\t\t\t\t\t\t\t\t\t\t\t\t\t\t<\/div>\n\t\t\t\t<\/div>\n\t\t<div class=\"elementor-element elementor-element-1cd02f2 e-con-full animated-slow e-flex elementor-invisible e-con e-child\" data-id=\"1cd02f2\" data-element_type=\"container\" data-e-type=\"container\" data-settings=\"{&quot;animation&quot;:&quot;fadeInRight&quot;}\">\n\t\t\t\t<div class=\"elementor-element elementor-element-aff7f0f elementor-widget elementor-widget-heading\" data-id=\"aff7f0f\" data-element_type=\"widget\" data-e-type=\"widget\" data-widget_type=\"heading.default\">\n\t\t\t\t\t<h2 class=\"elementor-heading-title elementor-size-default\">Sobre nosotros<\/h2>\t\t\t\t<\/div>\n\t\t\t\t<div class=\"elementor-element elementor-element-fb89388 elementor-widget elementor-widget-text-editor\" data-id=\"fb89388\" data-element_type=\"widget\" data-e-type=\"widget\" data-widget_type=\"text-editor.default\">\n\t\t\t\t\t\t\t\t\t<p>En Kebab Star llevamos 4 a\u00f1os llevando el sabor aut\u00e9ntico del kebab a nuestros clientes. Nos dedicamos a ofrecer comida r\u00e1pida de calidad, con ingredientes frescos y recetas que combinan tradici\u00f3n y sabor.<\/p><p>Pronto enviaremos nuestra carta completa para que puedas descubrir todos nuestros productos y especialidades. Nuestro objetivo es que cada bocado sea una experiencia deliciosa y satisfactoria.<\/p>\t\t\t\t\t\t\t\t<\/div>\n\t\t\t\t<\/div>\n\t\t\t\t\t<\/div>\n\t\t\t\t<\/div>\n\t\t<div class=\"elementor-element elementor-element-a3025f2 e-flex e-con-boxed elementor-invisible e-con e-parent\" data-id=\"a3025f2\" data-element_type=\"container\" data-e-type=\"container\" data-settings=\"{&quot;background_background&quot;:&quot;classic&quot;,&quot;animation&quot;:&quot;fadeInUp&quot;}\">\n\t\t\t\t\t<div class=\"e-con-inner\">\n\t\t\t\t<div class=\"elementor-element elementor-element-88f3939 elementor-widget elementor-widget-heading\" data-id=\"88f3939\" data-element_type=\"widget\" data-e-type=\"widget\" data-widget_type=\"heading.default\">\n\t\t\t\t\t<h2 class=\"elementor-heading-title elementor-size-default\">Revisa nuestro men\u00fa<\/h2>\t\t\t\t<\/div>\n\t\t\t\t<div class=\"elementor-element elementor-element-ca2b015 elementor-align-center elementor-widget elementor-widget-button\" data-id=\"ca2b015\" data-element_type=\"widget\" data-e-type=\"widget\" data-widget_type=\"button.default\">\n\t\t\t\t\t\t\t\t\t\t<a class=\"elementor-button elementor-button-link elementor-size-sm elementor-animation-grow\" href=\"\/servicios\">\n\t\t\t\t\t\t<span class=\"elementor-button-content-wrapper\">\n\t\t\t\t\t\t\t\t\t<span class=\"elementor-button-text\">SERVICIOS<\/span>\n\t\t\t\t\t<\/span>\n\t\t\t\t\t<\/a>\n\t\t\t\t\t\t\t\t<\/div>\n\t\t\t\t\t<\/div>\n\t\t\t\t<\/div>\n\t\t\t\t<\/div>\n\t\t","protected":false},"excerpt":{"rendered":"<p>Todo para disfrutar Sobre nosotros En Kebab Star llevamos 4 a\u00f1os llevando el sabor aut\u00e9ntico del kebab a nuestros clientes. Nos dedicamos a ofrecer comida r\u00e1pida de calidad, con ingredientes frescos y recetas que combinan tradici\u00f3n y sabor. Pronto enviaremos nuestra carta completa para que puedas descubrir todos nuestros productos y especialidades. Nuestro objetivo es [&hellip;]<\/p>\n","protected":false},"author":1,"featured_media":0,"parent":0,"menu_order":0,"comment_status":"closed","ping_status":"closed","template":"elementor_canvas","meta":{"footnotes":""},"class_list":["post-9","page","type-page","status-publish","hentry"],"yoast_head":"<!-- This site is optimized with the Yoast SEO plugin v27.3 - https:\/\/yoast.com\/product\/yoast-seo-wordpress\/ -->\n<title>Inicio - Kebab Star<\/title>\n<meta name=\"robots\" content=\"index, follow, max-snippet:-1, max-image-preview:large, max-video-preview:-1\" \/>\n<link rel=\"canonical\" href=\"https:\/\/kebabstar.es\/eu\/\" \/>\n<meta property=\"og:locale\" content=\"en_US\" \/>\n<meta property=\"og:type\" content=\"article\" \/>\n<meta property=\"og:title\" content=\"Inicio - Kebab Star\" \/>\n<meta property=\"og:description\" content=\"Todo para disfrutar Sobre nosotros En Kebab Star llevamos 4 a\u00f1os llevando el sabor aut\u00e9ntico del kebab a nuestros clientes. Nos dedicamos a ofrecer comida r\u00e1pida de calidad, con ingredientes frescos y recetas que combinan tradici\u00f3n y sabor. Pronto enviaremos nuestra carta completa para que puedas descubrir todos nuestros productos y especialidades. Nuestro objetivo es [&hellip;]\" \/>\n<meta property=\"og:url\" content=\"https:\/\/kebabstar.es\/eu\/\" \/>\n<meta property=\"og:site_name\" content=\"Kebab Star\" \/>\n<meta property=\"article:modified_time\" content=\"2026-03-06T16:11:20+00:00\" \/>\n<meta property=\"og:image\" content=\"https:\/\/kebabstar.es\/wp-content\/uploads\/2026\/02\/Diseno-sin-titulo-2.png\" \/>\n\t<meta property=\"og:image:width\" content=\"600\" \/>\n\t<meta property=\"og:image:height\" content=\"700\" \/>\n\t<meta property=\"og:image:type\" content=\"image\/png\" \/>\n<meta name=\"twitter:card\" content=\"summary_large_image\" \/>\n<meta name=\"twitter:label1\" content=\"Est. reading time\" \/>\n\t<meta name=\"twitter:data1\" content=\"1 minutua\" \/>\n<script type=\"application\/ld+json\" class=\"yoast-schema-graph\">{\"@context\":\"https:\\\/\\\/schema.org\",\"@graph\":[{\"@type\":\"WebPage\",\"@id\":\"https:\\\/\\\/kebabstar.es\\\/\",\"url\":\"https:\\\/\\\/kebabstar.es\\\/\",\"name\":\"Inicio - Kebab Star\",\"isPartOf\":{\"@id\":\"https:\\\/\\\/kebabstar.es\\\/#website\"},\"primaryImageOfPage\":{\"@id\":\"https:\\\/\\\/kebabstar.es\\\/#primaryimage\"},\"image\":{\"@id\":\"https:\\\/\\\/kebabstar.es\\\/#primaryimage\"},\"thumbnailUrl\":\"https:\\\/\\\/kebabstar.es\\\/wp-content\\\/uploads\\\/2026\\\/02\\\/Diseno-sin-titulo-2.png\",\"datePublished\":\"2026-02-27T09:15:19+00:00\",\"dateModified\":\"2026-03-06T16:11:20+00:00\",\"breadcrumb\":{\"@id\":\"https:\\\/\\\/kebabstar.es\\\/#breadcrumb\"},\"inLanguage\":\"eu\",\"potentialAction\":[{\"@type\":\"ReadAction\",\"target\":[\"https:\\\/\\\/kebabstar.es\\\/\"]}]},{\"@type\":\"ImageObject\",\"inLanguage\":\"eu\",\"@id\":\"https:\\\/\\\/kebabstar.es\\\/#primaryimage\",\"url\":\"https:\\\/\\\/kebabstar.es\\\/wp-content\\\/uploads\\\/2026\\\/02\\\/Diseno-sin-titulo-2.png\",\"contentUrl\":\"https:\\\/\\\/kebabstar.es\\\/wp-content\\\/uploads\\\/2026\\\/02\\\/Diseno-sin-titulo-2.png\"},{\"@type\":\"BreadcrumbList\",\"@id\":\"https:\\\/\\\/kebabstar.es\\\/#breadcrumb\",\"itemListElement\":[{\"@type\":\"ListItem\",\"position\":1,\"name\":\"Portada\",\"item\":\"https:\\\/\\\/kebabstar.es\\\/\"},{\"@type\":\"ListItem\",\"position\":2,\"name\":\"Inicio\"}]},{\"@type\":\"WebSite\",\"@id\":\"https:\\\/\\\/kebabstar.es\\\/#website\",\"url\":\"https:\\\/\\\/kebabstar.es\\\/\",\"name\":\"Kebab Star\",\"description\":\"\",\"publisher\":{\"@id\":\"https:\\\/\\\/kebabstar.es\\\/#organization\"},\"potentialAction\":[{\"@type\":\"SearchAction\",\"target\":{\"@type\":\"EntryPoint\",\"urlTemplate\":\"https:\\\/\\\/kebabstar.es\\\/?s={search_term_string}\"},\"query-input\":{\"@type\":\"PropertyValueSpecification\",\"valueRequired\":true,\"valueName\":\"search_term_string\"}}],\"inLanguage\":\"eu\"},{\"@type\":\"Organization\",\"@id\":\"https:\\\/\\\/kebabstar.es\\\/#organization\",\"name\":\"Kebab Star\",\"url\":\"https:\\\/\\\/kebabstar.es\\\/\",\"logo\":{\"@type\":\"ImageObject\",\"inLanguage\":\"eu\",\"@id\":\"https:\\\/\\\/kebabstar.es\\\/#\\\/schema\\\/logo\\\/image\\\/\",\"url\":\"https:\\\/\\\/kebabstar.es\\\/wp-content\\\/uploads\\\/2026\\\/02\\\/stardonerkebab202506_logo_web-scaled.png\",\"contentUrl\":\"https:\\\/\\\/kebabstar.es\\\/wp-content\\\/uploads\\\/2026\\\/02\\\/stardonerkebab202506_logo_web-scaled.png\",\"width\":2560,\"height\":1817,\"caption\":\"Kebab Star\"},\"image\":{\"@id\":\"https:\\\/\\\/kebabstar.es\\\/#\\\/schema\\\/logo\\\/image\\\/\"}}]}<\/script>\n<!-- \/ Yoast SEO plugin. -->","yoast_head_json":{"title":"Inicio - Kebab Star","robots":{"index":"index","follow":"follow","max-snippet":"max-snippet:-1","max-image-preview":"max-image-preview:large","max-video-preview":"max-video-preview:-1"},"canonical":"https:\/\/kebabstar.es\/eu\/","og_locale":"en_US","og_type":"article","og_title":"Inicio - Kebab Star","og_description":"Todo para disfrutar Sobre nosotros En Kebab Star llevamos 4 a\u00f1os llevando el sabor aut\u00e9ntico del kebab a nuestros clientes. Nos dedicamos a ofrecer comida r\u00e1pida de calidad, con ingredientes frescos y recetas que combinan tradici\u00f3n y sabor. Pronto enviaremos nuestra carta completa para que puedas descubrir todos nuestros productos y especialidades. Nuestro objetivo es [&hellip;]","og_url":"https:\/\/kebabstar.es\/eu\/","og_site_name":"Kebab Star","article_modified_time":"2026-03-06T16:11:20+00:00","og_image":[{"width":600,"height":700,"url":"https:\/\/kebabstar.es\/wp-content\/uploads\/2026\/02\/Diseno-sin-titulo-2.png","type":"image\/png"}],"twitter_card":"summary_large_image","twitter_misc":{"Est. reading time":"1 minutua"},"schema":{"@context":"https:\/\/schema.org","@graph":[{"@type":"WebPage","@id":"https:\/\/kebabstar.es\/","url":"https:\/\/kebabstar.es\/","name":"Inicio - Kebab Star","isPartOf":{"@id":"https:\/\/kebabstar.es\/#website"},"primaryImageOfPage":{"@id":"https:\/\/kebabstar.es\/#primaryimage"},"image":{"@id":"https:\/\/kebabstar.es\/#primaryimage"},"thumbnailUrl":"https:\/\/kebabstar.es\/wp-content\/uploads\/2026\/02\/Diseno-sin-titulo-2.png","datePublished":"2026-02-27T09:15:19+00:00","dateModified":"2026-03-06T16:11:20+00:00","breadcrumb":{"@id":"https:\/\/kebabstar.es\/#breadcrumb"},"inLanguage":"eu","potentialAction":[{"@type":"ReadAction","target":["https:\/\/kebabstar.es\/"]}]},{"@type":"ImageObject","inLanguage":"eu","@id":"https:\/\/kebabstar.es\/#primaryimage","url":"https:\/\/kebabstar.es\/wp-content\/uploads\/2026\/02\/Diseno-sin-titulo-2.png","contentUrl":"https:\/\/kebabstar.es\/wp-content\/uploads\/2026\/02\/Diseno-sin-titulo-2.png"},{"@type":"BreadcrumbList","@id":"https:\/\/kebabstar.es\/#breadcrumb","itemListElement":[{"@type":"ListItem","position":1,"name":"Portada","item":"https:\/\/kebabstar.es\/"},{"@type":"ListItem","position":2,"name":"Inicio"}]},{"@type":"WebSite","@id":"https:\/\/kebabstar.es\/#website","url":"https:\/\/kebabstar.es\/","name":"Kebab Star","description":"","publisher":{"@id":"https:\/\/kebabstar.es\/#organization"},"potentialAction":[{"@type":"SearchAction","target":{"@type":"EntryPoint","urlTemplate":"https:\/\/kebabstar.es\/?s={search_term_string}"},"query-input":{"@type":"PropertyValueSpecification","valueRequired":true,"valueName":"search_term_string"}}],"inLanguage":"eu"},{"@type":"Organization","@id":"https:\/\/kebabstar.es\/#organization","name":"Kebab Star","url":"https:\/\/kebabstar.es\/","logo":{"@type":"ImageObject","inLanguage":"eu","@id":"https:\/\/kebabstar.es\/#\/schema\/logo\/image\/","url":"https:\/\/kebabstar.es\/wp-content\/uploads\/2026\/02\/stardonerkebab202506_logo_web-scaled.png","contentUrl":"https:\/\/kebabstar.es\/wp-content\/uploads\/2026\/02\/stardonerkebab202506_logo_web-scaled.png","width":2560,"height":1817,"caption":"Kebab Star"},"image":{"@id":"https:\/\/kebabstar.es\/#\/schema\/logo\/image\/"}}]}},"_links":{"self":[{"href":"https:\/\/kebabstar.es\/eu\/wp-json\/wp\/v2\/pages\/9","targetHints":{"allow":["GET"]}}],"collection":[{"href":"https:\/\/kebabstar.es\/eu\/wp-json\/wp\/v2\/pages"}],"about":[{"href":"https:\/\/kebabstar.es\/eu\/wp-json\/wp\/v2\/types\/page"}],"author":[{"embeddable":true,"href":"https:\/\/kebabstar.es\/eu\/wp-json\/wp\/v2\/users\/1"}],"replies":[{"embeddable":true,"href":"https:\/\/kebabstar.es\/eu\/wp-json\/wp\/v2\/comments?post=9"}],"version-history":[{"count":61,"href":"https:\/\/kebabstar.es\/eu\/wp-json\/wp\/v2\/pages\/9\/revisions"}],"predecessor-version":[{"id":221,"href":"https:\/\/kebabstar.es\/eu\/wp-json\/wp\/v2\/pages\/9\/revisions\/221"}],"wp:attachment":[{"href":"https:\/\/kebabstar.es\/eu\/wp-json\/wp\/v2\/media?parent=9"}],"curies":[{"name":"wp","href":"https:\/\/api.w.org\/{rel}","templated":true}]}}